{"id":2,"date":"2023-03-30T19:28:35","date_gmt":"2023-03-30T17:28:35","guid":{"rendered":"http:\/\/debionne.fr\/?page_id=2"},"modified":"2024-06-24T16:31:16","modified_gmt":"2024-06-24T14:31:16","slug":"page-d-exemple","status":"publish","type":"page","link":"https:\/\/debionne.fr\/?page_id=2","title":{"rendered":"Nos engagements"},"content":{"rendered":"\n<div class=\"wp-block-columns alignwide is-layout-flex wp-container-core-columns-is-layout-28f84493 wp-block-columns-is-layout-flex\">\n<div class=\"wp-block-column is-layout-flow wp-block-column-is-layout-flow\">\n<figure class=\"wp-block-image size-full\"><img loading=\"lazy\" decoding=\"async\" width=\"855\" height=\"445\" src=\"http:\/\/debionne.fr\/wp-content\/uploads\/2023\/06\/cagette2.png\" alt=\"\" class=\"wp-image-64\" style=\"aspect-ratio:1;object-fit:cover\" srcset=\"https:\/\/debionne.fr\/wp-content\/uploads\/2023\/06\/cagette2.png 855w, https:\/\/debionne.fr\/wp-content\/uploads\/2023\/06\/cagette2-300x156.png 300w, https:\/\/debionne.fr\/wp-content\/uploads\/2023\/06\/cagette2-768x400.png 768w\" sizes=\"auto, (max-width: 855px) 100vw, 855px\" \/><\/figure>\n\n\n\n<p class=\"has-black-color has-text-color has-medium-font-size\"><span style=\"text-decoration: underline;\">Qualit\u00e9 irr\u00e9prochable<\/span><\/p>\n\n\n\n<p class=\"has-text-color\" style=\"color:#7a7a7a\">Quelque soit l&#8217;emballage, la finition sera toujours impeccable. Afin que la cagette puisse r\u00e9pondre \u00e0 toutes vos exigences de solidit\u00e9, de protection et de dur\u00e9e de vie de vos produits, mais aussi \u00e0 tous vos besoins de personnalisation.<\/p>\n\n\n\n<p>Afin que la cagette en bois soit toujours une solution et jamais un souci.<\/p>\n<\/div>\n\n\n\n<div class=\"wp-block-column is-layout-flow wp-block-column-is-layout-flow\">\n<figure class=\"wp-block-image size-full is-resized\"><img loading=\"lazy\" decoding=\"async\" width=\"408\" height=\"308\" src=\"http:\/\/debionne.fr\/wp-content\/uploads\/2023\/08\/Chargement.png\" alt=\"\" class=\"wp-image-87\" style=\"aspect-ratio:1;object-fit:cover;width:283px;height:undefinedpx\" srcset=\"https:\/\/debionne.fr\/wp-content\/uploads\/2023\/08\/Chargement.png 408w, https:\/\/debionne.fr\/wp-content\/uploads\/2023\/08\/Chargement-300x226.png 300w\" sizes=\"auto, (max-width: 408px) 100vw, 408px\" \/><\/figure>\n\n\n\n<p class=\"has-black-color has-text-color has-medium-font-size\"><span style=\"text-decoration: underline;\">Disponibilit\u00e9 rapide<\/span><\/p>\n\n\n\n<p class=\"has-text-color\" style=\"color:#7a7a7a\">Nous maintenons un stock important de plus d&rsquo;un demi-million de cagettes, afin de pouvoir toujours vous servir, m\u00eame en cas d&rsquo;urgence. Nos capacit\u00e9s de production nous permettent de r\u00e9agir rapidement aux impr\u00e9vus. <\/p>\n\n\n\n<p>Notre flotte de camions vous livre chez vous, conform\u00e9ment au planning d\u00e9cid\u00e9 ensemble.<\/p>\n<\/div>\n\n\n\n<div class=\"wp-block-column is-layout-flow wp-block-column-is-layout-flow\">\n<figure class=\"wp-block-image size-full\"><img loading=\"lazy\" decoding=\"async\" width=\"1000\" height=\"666\" src=\"http:\/\/debionne.fr\/wp-content\/uploads\/2023\/08\/Peupleraie-4.jpg\" alt=\"\" class=\"wp-image-85\" style=\"aspect-ratio:1;object-fit:cover\" srcset=\"https:\/\/debionne.fr\/wp-content\/uploads\/2023\/08\/Peupleraie-4.jpg 1000w, https:\/\/debionne.fr\/wp-content\/uploads\/2023\/08\/Peupleraie-4-300x200.jpg 300w, https:\/\/debionne.fr\/wp-content\/uploads\/2023\/08\/Peupleraie-4-768x511.jpg 768w\" sizes=\"auto, (max-width: 1000px) 100vw, 1000px\" \/><\/figure>\n\n\n\n<p class=\"has-black-color has-text-color has-medium-font-size\"><span style=\"text-decoration: underline;\">Exigence environnementale<\/span><\/p>\n\n\n\n<p class=\"has-text-color\" style=\"color:#7a7a7a\">Nous s\u00e9lectionnons avec soin nos bois pour toujours favoriser les circuits courts, \u00e9viter les d\u00e9chets et limiter notre empreinte carbone. Les emballages en bois sauront trouver une fin de vie vertueuse, en paillage, en panneau ou en \u00e9nergie.<\/p>\n\n\n\n<p>Le bois est un mat\u00e9riau renouvelable, et nos fournisseurs favorisent la replantation syst\u00e9matique des bois utilis\u00e9s.<\/p>\n<\/div>\n<\/div>\n\n\n\n<p><\/p>\n\n\n\n<p><\/p>\n","protected":false},"excerpt":{"rendered":"<p>Qualit\u00e9 irr\u00e9prochable Quelque soit l&#8217;emballage, la finition sera toujours impeccable. Afin que la cagette puisse r\u00e9pondre \u00e0 toutes vos exigences de solidit\u00e9, de protection et de dur\u00e9e de vie de vos produits, mais aussi \u00e0 tous vos besoins de personnalisation. Afin que la cagette en bois soit toujours une solution et jamais un souci. Disponibilit\u00e9 &hellip; <\/p>\n<p class=\"link-more\"><a href=\"https:\/\/debionne.fr\/?page_id=2\" class=\"more-link\">Lire la suite de<span class=\"screen-reader-text\">\u00ab\u00a0Nos engagements\u00a0\u00bb<\/span><\/a><\/p>\n","protected":false},"author":1,"featured_media":0,"parent":0,"menu_order":0,"comment_status":"closed","ping_status":"open","template":"","meta":{"footnotes":""},"class_list":["post-2","page","type-page","status-publish","hentry"],"_links":{"self":[{"href":"https:\/\/debionne.fr\/index.php?rest_route=\/wp\/v2\/pages\/2","targetHints":{"allow":["GET"]}}],"collection":[{"href":"https:\/\/debionne.fr\/index.php?rest_route=\/wp\/v2\/pages"}],"about":[{"href":"https:\/\/debionne.fr\/index.php?rest_route=\/wp\/v2\/types\/page"}],"author":[{"embeddable":true,"href":"https:\/\/debionne.fr\/index.php?rest_route=\/wp\/v2\/users\/1"}],"replies":[{"embeddable":true,"href":"https:\/\/debionne.fr\/index.php?rest_route=%2Fwp%2Fv2%2Fcomments&post=2"}],"version-history":[{"count":6,"href":"https:\/\/debionne.fr\/index.php?rest_route=\/wp\/v2\/pages\/2\/revisions"}],"predecessor-version":[{"id":94,"href":"https:\/\/debionne.fr\/index.php?rest_route=\/wp\/v2\/pages\/2\/revisions\/94"}],"wp:attachment":[{"href":"https:\/\/debionne.fr\/index.php?rest_route=%2Fwp%2Fv2%2Fmedia&parent=2"}],"curies":[{"name":"wp","href":"https:\/\/api.w.org\/{rel}","templated":true}]}}