{"id":7,"date":"2023-06-06T13:55:17","date_gmt":"2023-06-06T11:55:17","guid":{"rendered":"http:\/\/debionne.fr\/?page_id=7"},"modified":"2023-06-22T13:37:35","modified_gmt":"2023-06-22T11:37:35","slug":"beaux-portfolios-pour-des-creatifs-exceptionnels","status":"publish","type":"page","link":"https:\/\/debionne.fr\/","title":{"rendered":"Donnez \u00e0 vos produits l\u2019emballage qu\u2019ils m\u00e9ritent"},"content":{"rendered":"\n<ul class=\"wp-block-list\">\n<li>Le bois met en valeur vos produits aupr\u00e8s des clients, qui associent qualit\u00e9 et proximit\u00e9 aux emballages traditionnels<\/li>\n\n\n\n<li><meta charset=\"utf-8\">Le bois prot\u00e8ge votre produit pendant le transport gr\u00e2ce \u00e0 sa structure renforc\u00e9e.<\/li>\n\n\n\n<li>Le bois g\u00e8re naturellement l\u2019humidit\u00e9 et emp\u00eache votre produit de se dess\u00e9cher.<\/li>\n\n\n\n<li>Le bois emp\u00eache les bact\u00e9ries de se d\u00e9velopper et prolonge la dur\u00e9e de vie de vos produits.<\/li>\n\n\n\n<li>La production est fran\u00e7aise, au plus proche de nos clients.<\/li>\n<\/ul>\n\n\n\n<p><\/p>\n\n\n\n<div class=\"wp-block-group alignfull has-background is-layout-flow wp-block-group-is-layout-flow\" style=\"background-color:#e5e9ec\">\n<div class=\"wp-block-columns is-layout-flex wp-container-core-columns-is-layout-28f84493 wp-block-columns-is-layout-flex\">\n<div class=\"wp-block-column is-vertically-aligned-center is-layout-flow wp-block-column-is-layout-flow\">\n<h2 class=\"wp-block-heading\">Notre histoire<\/h2>\n\n\n\n<p>Depuis 1960, la soci\u00e9t\u00e9 d&rsquo;EMBALLAGES DEBIONNE fabrique des emballages en bois, au c\u0153ur de la Dr\u00f4me.<\/p>\n\n\n\n<p><\/p>\n\n\n\n<div class=\"wp-block-buttons is-horizontal is-content-justification-left is-layout-flex wp-container-core-buttons-is-layout-20be11b6 wp-block-buttons-is-layout-flex\">\n<div class=\"wp-block-button is-style-outline is-style-outline--1\"><a class=\"wp-block-button__link wp-element-button\" href=\"http:\/\/debionne.fr\/?page_id=8\">DECOUVRIR<\/a><\/div>\n<\/div>\n\n\n\n<p><\/p>\n<\/div>\n\n\n\n<div class=\"wp-block-column is-layout-flow wp-block-column-is-layout-flow\">\n<div style=\"height:48px\" aria-hidden=\"true\" class=\"wp-block-spacer\"><\/div>\n\n\n\n<figure class=\"wp-block-image size-full\"><img loading=\"lazy\" decoding=\"async\" width=\"760\" height=\"540\" src=\"http:\/\/debionne.fr\/wp-content\/uploads\/2023\/06\/000012507.jpg\" alt=\"\" class=\"wp-image-50\" srcset=\"https:\/\/debionne.fr\/wp-content\/uploads\/2023\/06\/000012507.jpg 760w, https:\/\/debionne.fr\/wp-content\/uploads\/2023\/06\/000012507-300x213.jpg 300w\" sizes=\"auto, (max-width: 760px) 100vw, 760px\" \/><\/figure>\n<\/div>\n<\/div>\n<\/div>\n\n\n\n<div class=\"wp-block-group alignfull is-layout-flow wp-block-group-is-layout-flow\">\n<div class=\"wp-block-columns are-vertically-aligned-center is-layout-flex wp-container-core-columns-is-layout-28f84493 wp-block-columns-is-layout-flex\">\n<div class=\"wp-block-column is-vertically-aligned-center is-layout-flow wp-block-column-is-layout-flow\">\n<div style=\"height:48px\" aria-hidden=\"true\" class=\"wp-block-spacer\"><\/div>\n\n\n\n<figure class=\"wp-block-image size-full\"><img loading=\"lazy\" decoding=\"async\" width=\"855\" height=\"445\" src=\"http:\/\/debionne.fr\/wp-content\/uploads\/2023\/06\/cagette4.png\" alt=\"\" class=\"wp-image-52\" srcset=\"https:\/\/debionne.fr\/wp-content\/uploads\/2023\/06\/cagette4.png 855w, https:\/\/debionne.fr\/wp-content\/uploads\/2023\/06\/cagette4-300x156.png 300w, https:\/\/debionne.fr\/wp-content\/uploads\/2023\/06\/cagette4-768x400.png 768w\" sizes=\"auto, (max-width: 855px) 100vw, 855px\" \/><\/figure>\n<\/div>\n\n\n\n<div class=\"wp-block-column is-vertically-aligned-center is-layout-flow wp-block-column-is-layout-flow\">\n<h2 class=\"wp-block-heading\">Nos produits<\/h2>\n\n\n\n<p>Nous fabriquons un grand nombre d&#8217;emballages en bois, pour tous types de fruits et l\u00e9gumes. Depuis l&#8217;emballage rustique et simple jusqu&rsquo;au plateau enti\u00e8rement personnalis\u00e9, nous mettons tout en \u0153uvre pour vous satisfaire!<\/p>\n\n\n\n<div class=\"wp-block-buttons is-layout-flex wp-block-buttons-is-layout-flex\">\n<div class=\"wp-block-button is-style-outline is-style-outline--2\"><a class=\"wp-block-button__link wp-element-button\" href=\"http:\/\/debionne.fr\/?page_id=63\">PRODUITS<\/a><\/div>\n<\/div>\n<\/div>\n<\/div>\n<\/div>\n\n\n\n<div class=\"wp-block-group alignfull has-background is-layout-flow wp-block-group-is-layout-flow\" style=\"background-color:#e5e9ec\">\n<div class=\"wp-block-columns is-layout-flex wp-container-core-columns-is-layout-28f84493 wp-block-columns-is-layout-flex\">\n<div class=\"wp-block-column is-vertically-aligned-center is-layout-flow wp-block-column-is-layout-flow\">\n<h2 class=\"wp-block-heading\">Nos engagements<\/h2>\n\n\n\n<p>Nous avons 3 engagements: Qualit\u00e9 irr\u00e9prochable, Disponibilit\u00e9 rapide, Exigence environnementale<\/p>\n\n\n\n<p><\/p>\n\n\n\n<div class=\"wp-block-buttons is-horizontal is-content-justification-left is-layout-flex wp-container-core-buttons-is-layout-20be11b6 wp-block-buttons-is-layout-flex\">\n<div class=\"wp-block-button is-style-outline is-style-outline--3\"><a class=\"wp-block-button__link wp-element-button\" href=\"http:\/\/debionne.fr\/?page_id=2\">DECOUVRIR<\/a><\/div>\n<\/div>\n\n\n\n<p><\/p>\n<\/div>\n\n\n\n<div class=\"wp-block-column is-layout-flow wp-block-column-is-layout-flow\">\n<div style=\"height:48px\" aria-hidden=\"true\" class=\"wp-block-spacer\"><\/div>\n\n\n\n<figure class=\"wp-block-image size-full\"><img loading=\"lazy\" decoding=\"async\" width=\"519\" height=\"273\" src=\"http:\/\/debionne.fr\/wp-content\/uploads\/2023\/06\/Engagements.jpg\" alt=\"\" class=\"wp-image-54\" srcset=\"https:\/\/debionne.fr\/wp-content\/uploads\/2023\/06\/Engagements.jpg 519w, https:\/\/debionne.fr\/wp-content\/uploads\/2023\/06\/Engagements-300x158.jpg 300w\" sizes=\"auto, (max-width: 519px) 100vw, 519px\" \/><\/figure>\n<\/div>\n<\/div>\n<\/div>\n\n\n\n<div class=\"wp-block-group alignfull has-black-background-color has-background is-layout-flow wp-block-group-is-layout-flow\">\n<h2 class=\"wp-block-heading has-text-align-center has-white-color has-text-color\"><strong>Gallery<\/strong><\/h2>\n\n\n\n<figure class=\"wp-block-gallery aligncenter has-nested-images columns-default is-cropped wp-block-gallery-4 is-layout-flex wp-block-gallery-is-layout-flex\">\n<figure class=\"wp-block-image size-large\"><img loading=\"lazy\" decoding=\"async\" width=\"1024\" height=\"682\" data-id=\"71\" src=\"http:\/\/debionne.fr\/wp-content\/uploads\/2023\/06\/R-1024x682.jpeg\" alt=\"\" class=\"wp-image-71\" srcset=\"https:\/\/debionne.fr\/wp-content\/uploads\/2023\/06\/R-1024x682.jpeg 1024w, https:\/\/debionne.fr\/wp-content\/uploads\/2023\/06\/R-300x200.jpeg 300w, https:\/\/debionne.fr\/wp-content\/uploads\/2023\/06\/R-768x511.jpeg 768w, https:\/\/debionne.fr\/wp-content\/uploads\/2023\/06\/R-1536x1023.jpeg 1536w, https:\/\/debionne.fr\/wp-content\/uploads\/2023\/06\/R.jpeg 1688w\" sizes=\"auto, (max-width: 1024px) 100vw, 1024px\" \/><\/figure>\n\n\n\n<figure class=\"wp-block-image size-full\"><img loading=\"lazy\" decoding=\"async\" width=\"474\" height=\"474\" data-id=\"69\" src=\"http:\/\/debionne.fr\/wp-content\/uploads\/2023\/06\/Peche.jpeg\" alt=\"\" class=\"wp-image-69\" srcset=\"https:\/\/debionne.fr\/wp-content\/uploads\/2023\/06\/Peche.jpeg 474w, https:\/\/debionne.fr\/wp-content\/uploads\/2023\/06\/Peche-300x300.jpeg 300w, https:\/\/debionne.fr\/wp-content\/uploads\/2023\/06\/Peche-150x150.jpeg 150w\" sizes=\"auto, (max-width: 474px) 100vw, 474px\" \/><\/figure>\n\n\n\n<figure class=\"wp-block-image size-full\"><img loading=\"lazy\" decoding=\"async\" width=\"800\" height=\"600\" data-id=\"68\" src=\"http:\/\/debionne.fr\/wp-content\/uploads\/2023\/06\/abricotier.jpg\" alt=\"\" class=\"wp-image-68\" srcset=\"https:\/\/debionne.fr\/wp-content\/uploads\/2023\/06\/abricotier.jpg 800w, https:\/\/debionne.fr\/wp-content\/uploads\/2023\/06\/abricotier-300x225.jpg 300w, https:\/\/debionne.fr\/wp-content\/uploads\/2023\/06\/abricotier-768x576.jpg 768w\" sizes=\"auto, (max-width: 800px) 100vw, 800px\" \/><\/figure>\n\n\n\n<figure class=\"wp-block-image size-large\"><img loading=\"lazy\" decoding=\"async\" width=\"1024\" height=\"683\" data-id=\"51\" src=\"http:\/\/debionne.fr\/wp-content\/uploads\/2023\/06\/599189-1-1024x683.jpg\" alt=\"\" class=\"wp-image-51\" srcset=\"https:\/\/debionne.fr\/wp-content\/uploads\/2023\/06\/599189-1-1024x683.jpg 1024w, https:\/\/debionne.fr\/wp-content\/uploads\/2023\/06\/599189-1-300x200.jpg 300w, https:\/\/debionne.fr\/wp-content\/uploads\/2023\/06\/599189-1-768x512.jpg 768w, https:\/\/debionne.fr\/wp-content\/uploads\/2023\/06\/599189-1.jpg 1200w\" sizes=\"auto, (max-width: 1024px) 100vw, 1024px\" \/><\/figure>\n\n\n\n<figure class=\"wp-block-image size-full\"><img loading=\"lazy\" decoding=\"async\" width=\"1000\" height=\"1000\" data-id=\"79\" src=\"http:\/\/debionne.fr\/wp-content\/uploads\/2023\/06\/R-1.jpeg\" alt=\"\" class=\"wp-image-79\" srcset=\"https:\/\/debionne.fr\/wp-content\/uploads\/2023\/06\/R-1.jpeg 1000w, https:\/\/debionne.fr\/wp-content\/uploads\/2023\/06\/R-1-300x300.jpeg 300w, https:\/\/debionne.fr\/wp-content\/uploads\/2023\/06\/R-1-150x150.jpeg 150w, https:\/\/debionne.fr\/wp-content\/uploads\/2023\/06\/R-1-768x768.jpeg 768w\" sizes=\"auto, (max-width: 1000px) 100vw, 1000px\" \/><\/figure>\n\n\n\n<figure class=\"wp-block-image size-full\"><img loading=\"lazy\" decoding=\"async\" width=\"474\" height=\"474\" data-id=\"73\" src=\"http:\/\/debionne.fr\/wp-content\/uploads\/2023\/06\/Poire.jpeg\" alt=\"\" class=\"wp-image-73\" srcset=\"https:\/\/debionne.fr\/wp-content\/uploads\/2023\/06\/Poire.jpeg 474w, https:\/\/debionne.fr\/wp-content\/uploads\/2023\/06\/Poire-300x300.jpeg 300w, https:\/\/debionne.fr\/wp-content\/uploads\/2023\/06\/Poire-150x150.jpeg 150w\" sizes=\"auto, (max-width: 474px) 100vw, 474px\" \/><\/figure>\n<\/figure>\n<\/div>\n\n\n\n<div class=\"wp-block-cover alignfull has-parallax is-position-center-center\" style=\"min-height:375px;aspect-ratio:unset;\"><span aria-hidden=\"true\" class=\"wp-block-cover__background has-black-background-color has-background-dim-40 has-background-dim\"><\/span><div role=\"img\" class=\"wp-block-cover__image-background wp-image-24 has-parallax\" style=\"background-position:50% 50%;background-image:url(http:\/\/debionne.fr\/wp-content\/themes\/inspiro\/assets\/images\/StockSnap_89BQZ89TLH.jpg)\"><\/div><div class=\"wp-block-cover__inner-container is-layout-flow wp-block-cover-is-layout-flow\">\n<p class=\"has-text-align-center has-text-color has-huge-font-size\" style=\"color:#fffffa;line-height:1.1\">Nous livrons directement nos emballages \u00e0 nos clients, avec notre propre flotte de camions<\/p>\n\n\n\n<p class=\"has-text-align-center\">Venez d\u00e9couvrir ici nos zones et nos conditions de livraison<\/p>\n\n\n\n<div style=\"height:39px\" aria-hidden=\"true\" class=\"wp-block-spacer\"><\/div>\n\n\n\n<div class=\"wp-block-buttons is-horizontal is-content-justification-center is-layout-flex wp-container-core-buttons-is-layout-03627597 wp-block-buttons-is-layout-flex\">\n<div class=\"wp-block-button is-style-outline is-style-outline--5\"><a class=\"wp-block-button__link has-white-color has-text-color wp-element-button\" href=\"http:\/\/debionne.fr\/?page_id=9\">NOUS CONTACTER<\/a><\/div>\n<\/div>\n<\/div><\/div>\n","protected":false},"excerpt":{"rendered":"<p>Notre histoire Depuis 1960, la soci\u00e9t\u00e9 d&rsquo;EMBALLAGES DEBIONNE fabrique des emballages en bois, au c\u0153ur de la Dr\u00f4me. Nos produits Nous fabriquons un grand nombre d&#8217;emballages en bois, pour tous types de fruits et l\u00e9gumes. Depuis l&#8217;emballage rustique et simple jusqu&rsquo;au plateau enti\u00e8rement personnalis\u00e9, nous mettons tout en \u0153uvre pour vous satisfaire! Nos engagements Nous &hellip; <\/p>\n<p class=\"link-more\"><a href=\"https:\/\/debionne.fr\/\" class=\"more-link\">Lire la suite de<span class=\"screen-reader-text\">\u00ab\u00a0Donnez \u00e0 vos produits l\u2019emballage qu\u2019ils m\u00e9ritent\u00a0\u00bb<\/span><\/a><\/p>\n","protected":false},"author":1,"featured_media":6,"parent":0,"menu_order":0,"comment_status":"closed","ping_status":"closed","template":"","meta":{"footnotes":""},"class_list":["post-7","page","type-page","status-publish","has-post-thumbnail","hentry"],"_links":{"self":[{"href":"https:\/\/debionne.fr\/index.php?rest_route=\/wp\/v2\/pages\/7","targetHints":{"allow":["GET"]}}],"collection":[{"href":"https:\/\/debionne.fr\/index.php?rest_route=\/wp\/v2\/pages"}],"about":[{"href":"https:\/\/debionne.fr\/index.php?rest_route=\/wp\/v2\/types\/page"}],"author":[{"embeddable":true,"href":"https:\/\/debionne.fr\/index.php?rest_route=\/wp\/v2\/users\/1"}],"replies":[{"embeddable":true,"href":"https:\/\/debionne.fr\/index.php?rest_route=%2Fwp%2Fv2%2Fcomments&post=7"}],"version-history":[{"count":13,"href":"https:\/\/debionne.fr\/index.php?rest_route=\/wp\/v2\/pages\/7\/revisions"}],"predecessor-version":[{"id":82,"href":"https:\/\/debionne.fr\/index.php?rest_route=\/wp\/v2\/pages\/7\/revisions\/82"}],"wp:featuredmedia":[{"embeddable":true,"href":"https:\/\/debionne.fr\/index.php?rest_route=\/wp\/v2\/media\/6"}],"wp:attachment":[{"href":"https:\/\/debionne.fr\/index.php?rest_route=%2Fwp%2Fv2%2Fmedia&parent=7"}],"curies":[{"name":"wp","href":"https:\/\/api.w.org\/{rel}","templated":true}]}}